{"id":303,"date":"2021-05-17T13:01:13","date_gmt":"2021-05-17T13:01:13","guid":{"rendered":"https:\/\/jung-schmiede.de\/cms\/?page_id=303"},"modified":"2021-12-21T09:29:39","modified_gmt":"2021-12-21T09:29:39","slug":"ueber-uns","status":"publish","type":"page","link":"https:\/\/www.jung-schmiede.de\/?page_id=303","title":{"rendered":"\u00dcber uns"},"content":{"rendered":"\n<p>1906:&nbsp;&nbsp;&nbsp;&nbsp; Gr\u00fcndung der Kunstschmiede Jung durch Wendelin Jung, spezialisiert auf Hufbeschlag von Pferden und K\u00fchen&nbsp;<\/p>\n\n\n\n<p><\/p>\n\n\n\n<p>1920: &nbsp;&nbsp; Wendelin Junior arbeitet in der Schmiede seines Vaters mit und erweitert den Betrieb um einen neuen Bereich: Die Kunstschmiede<\/p>\n\n\n\n<p><\/p>\n\n\n\n<p>1970: &nbsp;&nbsp; Siegfried Jung steigt in der Kunstschmiede seines Vaters ein und modernisiert die Kunstschmiede unter anderem mit der Erg\u00e4nzung des Werkstoffs Edelstahl<\/p>\n\n\n\n<p><\/p>\n\n\n\n<p>1994:&nbsp;&nbsp;&nbsp;&nbsp; Neubau der heutigen Werkstatt mit B\u00fcror\u00e4umen in der Siemensstr. 3 in Haueneberstein<\/p>\n\n\n\n<p><\/p>\n\n\n\n<p>1997:\u00a0\u00a0\u00a0\u00a0 Einstieg Manuel Jung in den Elterlichen Betrieb mit einer Ausbildung zum Metallbauer\u00a0<\/p>\n\n\n\n<p><\/p>\n\n\n\n<p>2005: &nbsp;&nbsp; Manuel Jung absolviert den Metallbaumeister an der Robert-Mayer-Schule in Stuttgart und erwirbt zus\u00e4tzlich den internationalen Schwei\u00dffachmann<\/p>\n\n\n\n<p><\/p>\n\n\n\n<p>2008: &nbsp;&nbsp; \u00dcbergabe des Unternehmens an Manuel Jung, der bis heute in der 4. Generation die Kunst- &amp; Edelstahlschmiede leitet<\/p>\n","protected":false},"excerpt":{"rendered":"<p>1906:&nbsp;&nbsp;&nbsp;&nbsp; Gr\u00fcndung der Kunstschmiede Jung durch Wendelin Jung, spezialisiert auf Hufbeschlag von Pferden und K\u00fchen&nbsp; 1920: &nbsp;&nbsp; Wendelin Junior arbeitet in der Schmiede seines Vaters mit und erweitert den Betrieb um einen neuen Bereich: Die Kunstschmiede 1970: &nbsp;&nbsp; Siegfried Jung steigt in der Kunstschmiede seines Vaters ein und modernisiert die Kunstschmiede unter anderem mit der &hellip; <\/p>\n<p class=\"link-more\"><a href=\"https:\/\/www.jung-schmiede.de\/?page_id=303\" class=\"more-link\">Continue reading<span class=\"screen-reader-text\"> &#8222;\u00dcber uns&#8220;<\/span><\/a><\/p>\n","protected":false},"author":2,"featured_media":563,"parent":0,"menu_order":0,"comment_status":"closed","ping_status":"closed","template":"","meta":{"footnotes":""},"class_list":["post-303","page","type-page","status-publish","has-post-thumbnail","hentry"],"yoast_head":"<!-- This site is optimized with the Yoast SEO plugin v26.6 - https:\/\/yoast.com\/wordpress\/plugins\/seo\/ -->\n<title>\u00dcber uns - Seit 1906<\/title>\n<meta name=\"robots\" content=\"index, follow, max-snippet:-1, max-image-preview:large, max-video-preview:-1\" \/>\n<link rel=\"canonical\" href=\"https:\/\/www.jung-schmiede.de\/?page_id=303\" \/>\n<meta property=\"og:locale\" content=\"de_DE\" \/>\n<meta property=\"og:type\" content=\"article\" \/>\n<meta property=\"og:title\" content=\"\u00dcber uns - Seit 1906\" \/>\n<meta property=\"og:description\" content=\"1906:&nbsp;&nbsp;&nbsp;&nbsp; Gr\u00fcndung der Kunstschmiede Jung durch Wendelin Jung, spezialisiert auf Hufbeschlag von Pferden und K\u00fchen&nbsp; 1920: &nbsp;&nbsp; Wendelin Junior arbeitet in der Schmiede seines Vaters mit und erweitert den Betrieb um einen neuen Bereich: Die Kunstschmiede 1970: &nbsp;&nbsp; Siegfried Jung steigt in der Kunstschmiede seines Vaters ein und modernisiert die Kunstschmiede unter anderem mit der &hellip; Continue reading &quot;\u00dcber uns&quot;\" \/>\n<meta property=\"og:url\" content=\"https:\/\/www.jung-schmiede.de\/?page_id=303\" \/>\n<meta property=\"og:site_name\" content=\"Seit 1906\" \/>\n<meta property=\"article:modified_time\" content=\"2021-12-21T09:29:39+00:00\" \/>\n<meta property=\"og:image\" content=\"https:\/\/www.jung-schmiede.de\/wp-content\/uploads\/2021\/09\/stahlseile.jpg\" \/>\n\t<meta property=\"og:image:width\" content=\"1600\" \/>\n\t<meta property=\"og:image:height\" content=\"699\" \/>\n\t<meta property=\"og:image:type\" content=\"image\/jpeg\" \/>\n<meta name=\"twitter:card\" content=\"summary_large_image\" \/>\n<meta name=\"twitter:label1\" content=\"Gesch\u00e4tzte Lesezeit\" \/>\n\t<meta name=\"twitter:data1\" content=\"1\u00a0Minute\" \/>\n<script type=\"application\/ld+json\" class=\"yoast-schema-graph\">{\"@context\":\"https:\/\/schema.org\",\"@graph\":[{\"@type\":\"WebPage\",\"@id\":\"https:\/\/www.jung-schmiede.de\/?page_id=303\",\"url\":\"https:\/\/www.jung-schmiede.de\/?page_id=303\",\"name\":\"\u00dcber uns - Seit 1906\",\"isPartOf\":{\"@id\":\"https:\/\/www.jung-schmiede.de\/#website\"},\"primaryImageOfPage\":{\"@id\":\"https:\/\/www.jung-schmiede.de\/?page_id=303#primaryimage\"},\"image\":{\"@id\":\"https:\/\/www.jung-schmiede.de\/?page_id=303#primaryimage\"},\"thumbnailUrl\":\"https:\/\/www.jung-schmiede.de\/wp-content\/uploads\/2021\/09\/stahlseile.jpg\",\"datePublished\":\"2021-05-17T13:01:13+00:00\",\"dateModified\":\"2021-12-21T09:29:39+00:00\",\"breadcrumb\":{\"@id\":\"https:\/\/www.jung-schmiede.de\/?page_id=303#breadcrumb\"},\"inLanguage\":\"de\",\"potentialAction\":[{\"@type\":\"ReadAction\",\"target\":[\"https:\/\/www.jung-schmiede.de\/?page_id=303\"]}]},{\"@type\":\"ImageObject\",\"inLanguage\":\"de\",\"@id\":\"https:\/\/www.jung-schmiede.de\/?page_id=303#primaryimage\",\"url\":\"https:\/\/www.jung-schmiede.de\/wp-content\/uploads\/2021\/09\/stahlseile.jpg\",\"contentUrl\":\"https:\/\/www.jung-schmiede.de\/wp-content\/uploads\/2021\/09\/stahlseile.jpg\",\"width\":1600,\"height\":699},{\"@type\":\"BreadcrumbList\",\"@id\":\"https:\/\/www.jung-schmiede.de\/?page_id=303#breadcrumb\",\"itemListElement\":[{\"@type\":\"ListItem\",\"position\":1,\"name\":\"Startseite\",\"item\":\"https:\/\/www.jung-schmiede.de\/\"},{\"@type\":\"ListItem\",\"position\":2,\"name\":\"\u00dcber uns\"}]},{\"@type\":\"WebSite\",\"@id\":\"https:\/\/www.jung-schmiede.de\/#website\",\"url\":\"https:\/\/www.jung-schmiede.de\/\",\"name\":\"Seit 1906\",\"description\":\"JUNG SCHMIEDE\",\"publisher\":{\"@id\":\"https:\/\/www.jung-schmiede.de\/#organization\"},\"potentialAction\":[{\"@type\":\"SearchAction\",\"target\":{\"@type\":\"EntryPoint\",\"urlTemplate\":\"https:\/\/www.jung-schmiede.de\/?s={search_term_string}\"},\"query-input\":{\"@type\":\"PropertyValueSpecification\",\"valueRequired\":true,\"valueName\":\"search_term_string\"}}],\"inLanguage\":\"de\"},{\"@type\":\"Organization\",\"@id\":\"https:\/\/www.jung-schmiede.de\/#organization\",\"name\":\"Seit 1906\",\"url\":\"https:\/\/www.jung-schmiede.de\/\",\"logo\":{\"@type\":\"ImageObject\",\"inLanguage\":\"de\",\"@id\":\"https:\/\/www.jung-schmiede.de\/#\/schema\/logo\/image\/\",\"url\":\"https:\/\/www.jung-schmiede.de\/wp-content\/uploads\/2021\/04\/cropped-Logo_Jung_Schmiede-1.png\",\"contentUrl\":\"https:\/\/www.jung-schmiede.de\/wp-content\/uploads\/2021\/04\/cropped-Logo_Jung_Schmiede-1.png\",\"width\":240,\"height\":147,\"caption\":\"Seit 1906\"},\"image\":{\"@id\":\"https:\/\/www.jung-schmiede.de\/#\/schema\/logo\/image\/\"}}]}<\/script>\n<!-- \/ Yoast SEO plugin. -->","yoast_head_json":{"title":"\u00dcber uns - Seit 1906","robots":{"index":"index","follow":"follow","max-snippet":"max-snippet:-1","max-image-preview":"max-image-preview:large","max-video-preview":"max-video-preview:-1"},"canonical":"https:\/\/www.jung-schmiede.de\/?page_id=303","og_locale":"de_DE","og_type":"article","og_title":"\u00dcber uns - Seit 1906","og_description":"1906:&nbsp;&nbsp;&nbsp;&nbsp; Gr\u00fcndung der Kunstschmiede Jung durch Wendelin Jung, spezialisiert auf Hufbeschlag von Pferden und K\u00fchen&nbsp; 1920: &nbsp;&nbsp; Wendelin Junior arbeitet in der Schmiede seines Vaters mit und erweitert den Betrieb um einen neuen Bereich: Die Kunstschmiede 1970: &nbsp;&nbsp; Siegfried Jung steigt in der Kunstschmiede seines Vaters ein und modernisiert die Kunstschmiede unter anderem mit der &hellip; Continue reading \"\u00dcber uns\"","og_url":"https:\/\/www.jung-schmiede.de\/?page_id=303","og_site_name":"Seit 1906","article_modified_time":"2021-12-21T09:29:39+00:00","og_image":[{"width":1600,"height":699,"url":"https:\/\/www.jung-schmiede.de\/wp-content\/uploads\/2021\/09\/stahlseile.jpg","type":"image\/jpeg"}],"twitter_card":"summary_large_image","twitter_misc":{"Gesch\u00e4tzte Lesezeit":"1\u00a0Minute"},"schema":{"@context":"https:\/\/schema.org","@graph":[{"@type":"WebPage","@id":"https:\/\/www.jung-schmiede.de\/?page_id=303","url":"https:\/\/www.jung-schmiede.de\/?page_id=303","name":"\u00dcber uns - Seit 1906","isPartOf":{"@id":"https:\/\/www.jung-schmiede.de\/#website"},"primaryImageOfPage":{"@id":"https:\/\/www.jung-schmiede.de\/?page_id=303#primaryimage"},"image":{"@id":"https:\/\/www.jung-schmiede.de\/?page_id=303#primaryimage"},"thumbnailUrl":"https:\/\/www.jung-schmiede.de\/wp-content\/uploads\/2021\/09\/stahlseile.jpg","datePublished":"2021-05-17T13:01:13+00:00","dateModified":"2021-12-21T09:29:39+00:00","breadcrumb":{"@id":"https:\/\/www.jung-schmiede.de\/?page_id=303#breadcrumb"},"inLanguage":"de","potentialAction":[{"@type":"ReadAction","target":["https:\/\/www.jung-schmiede.de\/?page_id=303"]}]},{"@type":"ImageObject","inLanguage":"de","@id":"https:\/\/www.jung-schmiede.de\/?page_id=303#primaryimage","url":"https:\/\/www.jung-schmiede.de\/wp-content\/uploads\/2021\/09\/stahlseile.jpg","contentUrl":"https:\/\/www.jung-schmiede.de\/wp-content\/uploads\/2021\/09\/stahlseile.jpg","width":1600,"height":699},{"@type":"BreadcrumbList","@id":"https:\/\/www.jung-schmiede.de\/?page_id=303#breadcrumb","itemListElement":[{"@type":"ListItem","position":1,"name":"Startseite","item":"https:\/\/www.jung-schmiede.de\/"},{"@type":"ListItem","position":2,"name":"\u00dcber uns"}]},{"@type":"WebSite","@id":"https:\/\/www.jung-schmiede.de\/#website","url":"https:\/\/www.jung-schmiede.de\/","name":"Seit 1906","description":"JUNG SCHMIEDE","publisher":{"@id":"https:\/\/www.jung-schmiede.de\/#organization"},"potentialAction":[{"@type":"SearchAction","target":{"@type":"EntryPoint","urlTemplate":"https:\/\/www.jung-schmiede.de\/?s={search_term_string}"},"query-input":{"@type":"PropertyValueSpecification","valueRequired":true,"valueName":"search_term_string"}}],"inLanguage":"de"},{"@type":"Organization","@id":"https:\/\/www.jung-schmiede.de\/#organization","name":"Seit 1906","url":"https:\/\/www.jung-schmiede.de\/","logo":{"@type":"ImageObject","inLanguage":"de","@id":"https:\/\/www.jung-schmiede.de\/#\/schema\/logo\/image\/","url":"https:\/\/www.jung-schmiede.de\/wp-content\/uploads\/2021\/04\/cropped-Logo_Jung_Schmiede-1.png","contentUrl":"https:\/\/www.jung-schmiede.de\/wp-content\/uploads\/2021\/04\/cropped-Logo_Jung_Schmiede-1.png","width":240,"height":147,"caption":"Seit 1906"},"image":{"@id":"https:\/\/www.jung-schmiede.de\/#\/schema\/logo\/image\/"}}]}},"_links":{"self":[{"href":"https:\/\/www.jung-schmiede.de\/index.php?rest_route=\/wp\/v2\/pages\/303","targetHints":{"allow":["GET"]}}],"collection":[{"href":"https:\/\/www.jung-schmiede.de\/index.php?rest_route=\/wp\/v2\/pages"}],"about":[{"href":"https:\/\/www.jung-schmiede.de\/index.php?rest_route=\/wp\/v2\/types\/page"}],"author":[{"embeddable":true,"href":"https:\/\/www.jung-schmiede.de\/index.php?rest_route=\/wp\/v2\/users\/2"}],"replies":[{"embeddable":true,"href":"https:\/\/www.jung-schmiede.de\/index.php?rest_route=%2Fwp%2Fv2%2Fcomments&post=303"}],"version-history":[{"count":31,"href":"https:\/\/www.jung-schmiede.de\/index.php?rest_route=\/wp\/v2\/pages\/303\/revisions"}],"predecessor-version":[{"id":721,"href":"https:\/\/www.jung-schmiede.de\/index.php?rest_route=\/wp\/v2\/pages\/303\/revisions\/721"}],"wp:featuredmedia":[{"embeddable":true,"href":"https:\/\/www.jung-schmiede.de\/index.php?rest_route=\/wp\/v2\/media\/563"}],"wp:attachment":[{"href":"https:\/\/www.jung-schmiede.de\/index.php?rest_route=%2Fwp%2Fv2%2Fmedia&parent=303"}],"curies":[{"name":"wp","href":"https:\/\/api.w.org\/{rel}","templated":true}]}}